{"id":176,"date":"2022-09-15T15:50:46","date_gmt":"2022-09-15T15:50:46","guid":{"rendered":"https:\/\/www.gtek.ca\/realisations\/"},"modified":"2022-09-16T20:05:42","modified_gmt":"2022-09-16T20:05:42","slug":"projects","status":"publish","type":"page","link":"https:\/\/www.gtek.ca\/en\/projects\/","title":{"rendered":"Projects"},"content":{"rendered":"\t\t<div data-elementor-type=\"wp-page\" data-elementor-id=\"176\" class=\"elementor elementor-176 elementor-19\">\n\t\t\t\t\t\t<section class=\"elementor-section elementor-top-section elementor-element elementor-element-58712d20 elementor-section-full_width elementor-section-height-default elementor-section-height-default\" data-id=\"58712d20\" data-element_type=\"section\" data-e-type=\"section\" data-settings=\"{&quot;background_background&quot;:&quot;classic&quot;}\">\n\t\t\t\t\t\t<div class=\"elementor-container elementor-column-gap-default\">\n\t\t\t\t\t<div class=\"elementor-column elementor-col-33 elementor-top-column elementor-element elementor-element-4f604efa\" data-id=\"4f604efa\" data-element_type=\"column\" data-e-type=\"column\" data-settings=\"{&quot;background_background&quot;:&quot;classic&quot;}\">\n\t\t\t<div class=\"elementor-widget-wrap elementor-element-populated\">\n\t\t\t\t\t\t\t<\/div>\n\t\t<\/div>\n\t\t\t\t<div class=\"elementor-column elementor-col-66 elementor-top-column elementor-element elementor-element-20f352c5\" data-id=\"20f352c5\" data-element_type=\"column\" data-e-type=\"column\">\n\t\t\t<div class=\"elementor-widget-wrap elementor-element-populated\">\n\t\t\t\t\t\t<div class=\"elementor-element elementor-element-36bbf549 elementor-widget elementor-widget-heading\" data-id=\"36bbf549\" data-element_type=\"widget\" data-e-type=\"widget\" data-widget_type=\"heading.default\">\n\t\t\t\t<div class=\"elementor-widget-container\">\n\t\t\t\t\t<h1 class=\"elementor-heading-title elementor-size-default\">PROJECTS<\/h1>\t\t\t\t<\/div>\n\t\t\t\t<\/div>\n\t\t\t\t<div class=\"elementor-element elementor-element-1a3194ad elementor-widget elementor-widget-text-editor\" data-id=\"1a3194ad\" data-element_type=\"widget\" data-e-type=\"widget\" data-widget_type=\"text-editor.default\">\n\t\t\t\t<div class=\"elementor-widget-container\">\n\t\t\t\t\t\t\t\t\t<p><b>G-TEK <\/b>Two decades of excellence at the service of the population.<\/p>\n\t\t\t\t\t\t\t\t<\/div>\n\t\t\t\t<\/div>\n\t\t\t\t\t<\/div>\n\t\t<\/div>\n\t\t\t\t\t<\/div>\n\t\t<\/section>\n\t\t\t\t<section class=\"elementor-section elementor-top-section elementor-element elementor-element-1aa91cfb elementor-section-boxed elementor-section-height-default elementor-section-height-default\" data-id=\"1aa91cfb\" data-element_type=\"section\" data-e-type=\"section\">\n\t\t\t\t\t\t<div class=\"elementor-container elementor-column-gap-default\">\n\t\t\t\t\t<div class=\"elementor-column elementor-col-100 elementor-top-column elementor-element elementor-element-15ed2987\" data-id=\"15ed2987\" data-element_type=\"column\" data-e-type=\"column\">\n\t\t\t<div class=\"elementor-widget-wrap elementor-element-populated\">\n\t\t\t\t\t\t<section class=\"elementor-section elementor-inner-section elementor-element elementor-element-74bdce75 elementor-section-boxed elementor-section-height-default elementor-section-height-default\" data-id=\"74bdce75\" data-element_type=\"section\" data-e-type=\"section\">\n\t\t\t\t\t\t<div class=\"elementor-container elementor-column-gap-default\">\n\t\t\t\t\t<div class=\"elementor-column elementor-col-50 elementor-inner-column elementor-element elementor-element-337586\" data-id=\"337586\" data-element_type=\"column\" data-e-type=\"column\">\n\t\t\t<div class=\"elementor-widget-wrap elementor-element-populated\">\n\t\t\t\t\t\t<div class=\"elementor-element elementor-element-12fd58c6 elementor-invisible elementor-widget elementor-widget-image\" data-id=\"12fd58c6\" data-element_type=\"widget\" data-e-type=\"widget\" data-settings=\"{&quot;_animation&quot;:&quot;fadeIn&quot;}\" data-widget_type=\"image.default\">\n\t\t\t\t<div class=\"elementor-widget-container\">\n\t\t\t\t\t\t\t\t\t\t\t\t\t\t\t<img fetchpriority=\"high\" decoding=\"async\" width=\"397\" height=\"530\" src=\"https:\/\/www.gtek.ca\/wp-content\/uploads\/2022\/09\/Photo-civil-realisation.webp\" class=\"attachment-full size-full wp-image-58\" alt=\"\" srcset=\"https:\/\/www.gtek.ca\/wp-content\/uploads\/2022\/09\/Photo-civil-realisation.webp 397w, https:\/\/www.gtek.ca\/wp-content\/uploads\/2022\/09\/Photo-civil-realisation-225x300.webp 225w\" sizes=\"(max-width: 397px) 100vw, 397px\" \/>\t\t\t\t\t\t\t\t\t\t\t\t\t\t\t<\/div>\n\t\t\t\t<\/div>\n\t\t\t\t\t<\/div>\n\t\t<\/div>\n\t\t\t\t<div class=\"elementor-column elementor-col-50 elementor-inner-column elementor-element elementor-element-78b195af\" data-id=\"78b195af\" data-element_type=\"column\" data-e-type=\"column\">\n\t\t\t<div class=\"elementor-widget-wrap elementor-element-populated\">\n\t\t\t\t\t\t<div class=\"elementor-element elementor-element-1b60350f elementor-invisible elementor-widget elementor-widget-heading\" data-id=\"1b60350f\" data-element_type=\"widget\" data-e-type=\"widget\" data-settings=\"{&quot;_animation&quot;:&quot;fadeIn&quot;}\" data-widget_type=\"heading.default\">\n\t\t\t\t<div class=\"elementor-widget-container\">\n\t\t\t\t\t<h3 class=\"elementor-heading-title elementor-size-default\">Underground Infrastructures\n<\/h3>\t\t\t\t<\/div>\n\t\t\t\t<\/div>\n\t\t\t\t<div class=\"elementor-element elementor-element-33ca548c elementor-invisible elementor-widget elementor-widget-text-editor\" data-id=\"33ca548c\" data-element_type=\"widget\" data-e-type=\"widget\" data-settings=\"{&quot;_animation&quot;:&quot;fadeIn&quot;}\" data-widget_type=\"text-editor.default\">\n\t\t\t\t<div class=\"elementor-widget-container\">\n\t\t\t\t\t\t\t\t\t<ul>\n<li>Projet Hydro-Qu\u00e9bec : Poste des Patriotes 25kv, Boul. Corbusier, Laval<\/li>\n<li>Projet Hydro-Qu\u00e9bec : Boul. Hochelaga, Qu\u00e9bec (Ste-Foy)<\/li>\n<li>Projet Hydro-Qu\u00e9bec : Poste Anne H\u00e9bert, Qu\u00e9bec (Saint-Augustin-de-Desmaures)<\/li>\n<li>Projet STM : Lot Jean-Talon &#8211; SRB \u2013PIE-IX, Mtl<\/li>\n<li>Projet CSEM : G\u00e9n\u00e9ral &#8211; Travaux Interm\u00e9diaires et urgents, \u00cele de Montr\u00e9al<\/li>\n<li>Projet CSEM : G\u00e9n\u00e9ral \u2013travaux Mineurs et urgents, \u00eele de Montr\u00e9al<\/li>\n<li>Projet Ville de Montr\u00e9al : Rue Peel, Mtl<\/li>\n<li>Projet Ville de Montr\u00e9al : Boul. Laurentien, Mtl<\/li>\n<li>Projet Bell : Pointe-aux-Li\u00e8vres, Qu\u00e9bec<\/li>\n<\/ul>\n\t\t\t\t\t\t\t\t<\/div>\n\t\t\t\t<\/div>\n\t\t\t\t\t<\/div>\n\t\t<\/div>\n\t\t\t\t\t<\/div>\n\t\t<\/section>\n\t\t\t\t<section class=\"elementor-section elementor-inner-section elementor-element elementor-element-70feffcf elementor-reverse-mobile elementor-section-boxed elementor-section-height-default elementor-section-height-default\" data-id=\"70feffcf\" data-element_type=\"section\" data-e-type=\"section\">\n\t\t\t\t\t\t<div class=\"elementor-container elementor-column-gap-default\">\n\t\t\t\t\t<div class=\"elementor-column elementor-col-50 elementor-inner-column elementor-element elementor-element-5f0418f2\" data-id=\"5f0418f2\" data-element_type=\"column\" data-e-type=\"column\">\n\t\t\t<div class=\"elementor-widget-wrap elementor-element-populated\">\n\t\t\t\t\t\t<div class=\"elementor-element elementor-element-5c4ff0b0 elementor-invisible elementor-widget elementor-widget-heading\" data-id=\"5c4ff0b0\" data-element_type=\"widget\" data-e-type=\"widget\" data-settings=\"{&quot;_animation&quot;:&quot;fadeIn&quot;}\" data-widget_type=\"heading.default\">\n\t\t\t\t<div class=\"elementor-widget-container\">\n\t\t\t\t\t<h3 class=\"elementor-heading-title elementor-size-default\">Pulling and jointing of low and medium voltage cables\n<\/h3>\t\t\t\t<\/div>\n\t\t\t\t<\/div>\n\t\t\t\t<div class=\"elementor-element elementor-element-759912bb elementor-invisible elementor-widget elementor-widget-text-editor\" data-id=\"759912bb\" data-element_type=\"widget\" data-e-type=\"widget\" data-settings=\"{&quot;_animation&quot;:&quot;fadeIn&quot;}\" data-widget_type=\"text-editor.default\">\n\t\t\t\t<div class=\"elementor-widget-container\">\n\t\t\t\t\t\t\t\t\t<ul>\n<li>Contrat Hydro-Qu\u00e9bec Distribution &#8211; Montr\u00e9al et Qu\u00e9bec<\/li>\n<li>Projet Hydro-Qu\u00e9bec : Tirage et jointage &#8211; Boul. Corbusier, Laval<\/li>\n<li>Projet Hydro-Qu\u00e9bec : Tirage et jointage &#8211; REM &#8211; Poste Laprairie, Brossard<\/li>\n<li>Projet Hydro-Qu\u00e9bec : Tirage et jointage &#8211; Poste 10 Des Patriotes<\/li>\n<li>Projet Hydro-Qu\u00e9bec : Tirage et jointage &#8211; Poste 20 Thurso<\/li>\n<li>Projet Hydro-Westmount : Tirage et jointage avenue Westmount<\/li>\n<\/ul>\n\t\t\t\t\t\t\t\t<\/div>\n\t\t\t\t<\/div>\n\t\t\t\t\t<\/div>\n\t\t<\/div>\n\t\t\t\t<div class=\"elementor-column elementor-col-50 elementor-inner-column elementor-element elementor-element-26e0fcb3\" data-id=\"26e0fcb3\" data-element_type=\"column\" data-e-type=\"column\">\n\t\t\t<div class=\"elementor-widget-wrap elementor-element-populated\">\n\t\t\t\t\t\t<div class=\"elementor-element elementor-element-248ae87 elementor-invisible elementor-widget elementor-widget-image\" data-id=\"248ae87\" data-element_type=\"widget\" data-e-type=\"widget\" data-settings=\"{&quot;_animation&quot;:&quot;fadeIn&quot;}\" data-widget_type=\"image.default\">\n\t\t\t\t<div class=\"elementor-widget-container\">\n\t\t\t\t\t\t\t\t\t\t\t\t\t\t\t<img decoding=\"async\" width=\"397\" height=\"530\" src=\"https:\/\/www.gtek.ca\/wp-content\/uploads\/2022\/09\/section-electrique.jpg\" class=\"attachment-full size-full wp-image-62\" alt=\"\" srcset=\"https:\/\/www.gtek.ca\/wp-content\/uploads\/2022\/09\/section-electrique.jpg 397w, https:\/\/www.gtek.ca\/wp-content\/uploads\/2022\/09\/section-electrique-225x300.jpg 225w\" sizes=\"(max-width: 397px) 100vw, 397px\" \/>\t\t\t\t\t\t\t\t\t\t\t\t\t\t\t<\/div>\n\t\t\t\t<\/div>\n\t\t\t\t\t<\/div>\n\t\t<\/div>\n\t\t\t\t\t<\/div>\n\t\t<\/section>\n\t\t\t\t<section class=\"elementor-section elementor-inner-section elementor-element elementor-element-6dc33ff4 elementor-section-boxed elementor-section-height-default elementor-section-height-default\" data-id=\"6dc33ff4\" data-element_type=\"section\" data-e-type=\"section\">\n\t\t\t\t\t\t<div class=\"elementor-container elementor-column-gap-default\">\n\t\t\t\t\t<div class=\"elementor-column elementor-col-50 elementor-inner-column elementor-element elementor-element-786e26b1\" data-id=\"786e26b1\" data-element_type=\"column\" data-e-type=\"column\">\n\t\t\t<div class=\"elementor-widget-wrap elementor-element-populated\">\n\t\t\t\t\t\t<div class=\"elementor-element elementor-element-716db70f elementor-invisible elementor-widget elementor-widget-image\" data-id=\"716db70f\" data-element_type=\"widget\" data-e-type=\"widget\" data-settings=\"{&quot;_animation&quot;:&quot;fadeIn&quot;}\" data-widget_type=\"image.default\">\n\t\t\t\t<div class=\"elementor-widget-container\">\n\t\t\t\t\t\t\t\t\t\t\t\t\t\t\t<img decoding=\"async\" width=\"397\" height=\"530\" src=\"https:\/\/www.gtek.ca\/wp-content\/uploads\/2022\/09\/FB-IMG-1653052680776_1.webp\" class=\"attachment-full size-full wp-image-64\" alt=\"\" srcset=\"https:\/\/www.gtek.ca\/wp-content\/uploads\/2022\/09\/FB-IMG-1653052680776_1.webp 397w, https:\/\/www.gtek.ca\/wp-content\/uploads\/2022\/09\/FB-IMG-1653052680776_1-225x300.webp 225w\" sizes=\"(max-width: 397px) 100vw, 397px\" \/>\t\t\t\t\t\t\t\t\t\t\t\t\t\t\t<\/div>\n\t\t\t\t<\/div>\n\t\t\t\t\t<\/div>\n\t\t<\/div>\n\t\t\t\t<div class=\"elementor-column elementor-col-50 elementor-inner-column elementor-element elementor-element-6a665293\" data-id=\"6a665293\" data-element_type=\"column\" data-e-type=\"column\">\n\t\t\t<div class=\"elementor-widget-wrap elementor-element-populated\">\n\t\t\t\t\t\t<div class=\"elementor-element elementor-element-3dd1d20d elementor-invisible elementor-widget elementor-widget-heading\" data-id=\"3dd1d20d\" data-element_type=\"widget\" data-e-type=\"widget\" data-settings=\"{&quot;_animation&quot;:&quot;fadeIn&quot;}\" data-widget_type=\"heading.default\">\n\t\t\t\t<div class=\"elementor-widget-container\">\n\t\t\t\t\t<h3 class=\"elementor-heading-title elementor-size-default\">Manholes cleaning and pumping \/ Hydro-excavation<\/h3>\t\t\t\t<\/div>\n\t\t\t\t<\/div>\n\t\t\t\t<div class=\"elementor-element elementor-element-a8b9e46 elementor-invisible elementor-widget elementor-widget-text-editor\" data-id=\"a8b9e46\" data-element_type=\"widget\" data-e-type=\"widget\" data-settings=\"{&quot;_animation&quot;:&quot;fadeIn&quot;}\" data-widget_type=\"text-editor.default\">\n\t\t\t\t<div class=\"elementor-widget-container\">\n\t\t\t\t\t\t\t\t\t<div class=\"bande_mission_vision row clearfix hide-for-small\">\n<div class=\"bloc_valeur iw_table\">\n<div class=\"iw_row\">\n<div class=\"content_bloc iw_cell\">\n<div class=\"text\">\n<ul>\n<li>Projet Hydro-Qu\u00e9bec : Pompage r\u00e9gion de Montr\u00e9al<\/li>\n<li>Projet Hydro-Qu\u00e9bec : Pompage r\u00e9gion de Outaouais<\/li>\n<li>Projet Hydro-Qu\u00e9bec : Pompage r\u00e9gion de Laval et Laurentides<\/li>\n<li>Projet Hydro-Qu\u00e9bec : Pompage r\u00e9gion de Richelieu<\/li>\n<\/ul>\n<\/div>\n<\/div>\n<\/div>\n<\/div>\n<\/div>\n\t\t\t\t\t\t\t\t<\/div>\n\t\t\t\t<\/div>\n\t\t\t\t\t<\/div>\n\t\t<\/div>\n\t\t\t\t\t<\/div>\n\t\t<\/section>\n\t\t\t\t\t<\/div>\n\t\t<\/div>\n\t\t\t\t\t<\/div>\n\t\t<\/section>\n\t\t\t\t<\/div>\n\t\t","protected":false},"excerpt":{"rendered":"<p>PROJECTS G-TEK Two decades of excellence at the service of the population. Underground Infrastructures Projet Hydro-Qu\u00e9bec : Poste des Patriotes 25kv, Boul. Corbusier, Laval Projet Hydro-Qu\u00e9bec : Boul. Hochelaga, Qu\u00e9bec (Ste-Foy) Projet Hydro-Qu\u00e9bec : Poste Anne H\u00e9bert, Qu\u00e9bec (Saint-Augustin-de-Desmaures) Projet STM : Lot Jean-Talon &#8211; SRB \u2013PIE-IX, Mtl Projet CSEM : G\u00e9n\u00e9ral &#8211; Travaux Interm\u00e9diaires [&hellip;]<\/p>\n","protected":false},"author":1,"featured_media":0,"parent":0,"menu_order":0,"comment_status":"closed","ping_status":"closed","template":"","meta":{"footnotes":""},"class_list":["post-176","page","type-page","status-publish","hentry"],"yoast_head":"<!-- This site is optimized with the Yoast SEO plugin v27.5 - https:\/\/yoast.com\/product\/yoast-seo-wordpress\/ -->\n<title>Projects - G-Tek<\/title>\n<meta name=\"robots\" content=\"index, follow, max-snippet:-1, max-image-preview:large, max-video-preview:-1\" \/>\n<link rel=\"canonical\" href=\"https:\/\/www.gtek.ca\/en\/projects\/\" \/>\n<meta property=\"og:locale\" content=\"en_US\" \/>\n<meta property=\"og:type\" content=\"article\" \/>\n<meta property=\"og:title\" content=\"Projects - G-Tek\" \/>\n<meta property=\"og:description\" content=\"PROJECTS G-TEK Two decades of excellence at the service of the population. Underground Infrastructures Projet Hydro-Qu\u00e9bec : Poste des Patriotes 25kv, Boul. Corbusier, Laval Projet Hydro-Qu\u00e9bec : Boul. Hochelaga, Qu\u00e9bec (Ste-Foy) Projet Hydro-Qu\u00e9bec : Poste Anne H\u00e9bert, Qu\u00e9bec (Saint-Augustin-de-Desmaures) Projet STM : Lot Jean-Talon &#8211; SRB \u2013PIE-IX, Mtl Projet CSEM : G\u00e9n\u00e9ral &#8211; Travaux Interm\u00e9diaires [&hellip;]\" \/>\n<meta property=\"og:url\" content=\"https:\/\/www.gtek.ca\/en\/projects\/\" \/>\n<meta property=\"og:site_name\" content=\"G-Tek\" \/>\n<meta property=\"article:modified_time\" content=\"2022-09-16T20:05:42+00:00\" \/>\n<meta property=\"og:image\" content=\"https:\/\/gtek2021.wpengine.com\/wp-content\/uploads\/2022\/09\/Photo-civil-realisation.webp\" \/>\n<meta name=\"twitter:card\" content=\"summary_large_image\" \/>\n<meta name=\"twitter:label1\" content=\"Est. reading time\" \/>\n\t<meta name=\"twitter:data1\" content=\"2 minutes\" \/>\n<script type=\"application\/ld+json\" class=\"yoast-schema-graph\">{\"@context\":\"https:\\\/\\\/schema.org\",\"@graph\":[{\"@type\":\"WebPage\",\"@id\":\"https:\\\/\\\/www.gtek.ca\\\/en\\\/projects\\\/\",\"url\":\"https:\\\/\\\/www.gtek.ca\\\/en\\\/projects\\\/\",\"name\":\"Projects - G-Tek\",\"isPartOf\":{\"@id\":\"https:\\\/\\\/www.gtek.ca\\\/en\\\/#website\"},\"primaryImageOfPage\":{\"@id\":\"https:\\\/\\\/www.gtek.ca\\\/en\\\/projects\\\/#primaryimage\"},\"image\":{\"@id\":\"https:\\\/\\\/www.gtek.ca\\\/en\\\/projects\\\/#primaryimage\"},\"thumbnailUrl\":\"https:\\\/\\\/www.gtek.ca\\\/wp-content\\\/uploads\\\/2022\\\/09\\\/Photo-civil-realisation.webp\",\"datePublished\":\"2022-09-15T15:50:46+00:00\",\"dateModified\":\"2022-09-16T20:05:42+00:00\",\"breadcrumb\":{\"@id\":\"https:\\\/\\\/www.gtek.ca\\\/en\\\/projects\\\/#breadcrumb\"},\"inLanguage\":\"en-US\",\"potentialAction\":[{\"@type\":\"ReadAction\",\"target\":[\"https:\\\/\\\/www.gtek.ca\\\/en\\\/projects\\\/\"]}]},{\"@type\":\"ImageObject\",\"inLanguage\":\"en-US\",\"@id\":\"https:\\\/\\\/www.gtek.ca\\\/en\\\/projects\\\/#primaryimage\",\"url\":\"https:\\\/\\\/www.gtek.ca\\\/wp-content\\\/uploads\\\/2022\\\/09\\\/Photo-civil-realisation.webp\",\"contentUrl\":\"https:\\\/\\\/www.gtek.ca\\\/wp-content\\\/uploads\\\/2022\\\/09\\\/Photo-civil-realisation.webp\"},{\"@type\":\"BreadcrumbList\",\"@id\":\"https:\\\/\\\/www.gtek.ca\\\/en\\\/projects\\\/#breadcrumb\",\"itemListElement\":[{\"@type\":\"ListItem\",\"position\":1,\"name\":\"Home\",\"item\":\"https:\\\/\\\/gtek2021.wpengine.com\\\/\"},{\"@type\":\"ListItem\",\"position\":2,\"name\":\"Projects\"}]},{\"@type\":\"WebSite\",\"@id\":\"https:\\\/\\\/www.gtek.ca\\\/en\\\/#website\",\"url\":\"https:\\\/\\\/www.gtek.ca\\\/en\\\/\",\"name\":\"G-Tek\",\"description\":\" \",\"publisher\":{\"@id\":\"https:\\\/\\\/www.gtek.ca\\\/en\\\/#organization\"},\"potentialAction\":[{\"@type\":\"SearchAction\",\"target\":{\"@type\":\"EntryPoint\",\"urlTemplate\":\"https:\\\/\\\/www.gtek.ca\\\/en\\\/?s={search_term_string}\"},\"query-input\":{\"@type\":\"PropertyValueSpecification\",\"valueRequired\":true,\"valueName\":\"search_term_string\"}}],\"inLanguage\":\"en-US\"},{\"@type\":\"Organization\",\"@id\":\"https:\\\/\\\/www.gtek.ca\\\/en\\\/#organization\",\"name\":\"G-Tek\",\"url\":\"https:\\\/\\\/www.gtek.ca\\\/en\\\/\",\"logo\":{\"@type\":\"ImageObject\",\"inLanguage\":\"en-US\",\"@id\":\"https:\\\/\\\/www.gtek.ca\\\/en\\\/#\\\/schema\\\/logo\\\/image\\\/\",\"url\":\"https:\\\/\\\/www.gtek.ca\\\/wp-content\\\/uploads\\\/2022\\\/09\\\/logo-gtek-quanta.png\",\"contentUrl\":\"https:\\\/\\\/www.gtek.ca\\\/wp-content\\\/uploads\\\/2022\\\/09\\\/logo-gtek-quanta.png\",\"width\":190,\"height\":111,\"caption\":\"G-Tek\"},\"image\":{\"@id\":\"https:\\\/\\\/www.gtek.ca\\\/en\\\/#\\\/schema\\\/logo\\\/image\\\/\"}}]}<\/script>\n<!-- \/ Yoast SEO plugin. -->","yoast_head_json":{"title":"Projects - G-Tek","robots":{"index":"index","follow":"follow","max-snippet":"max-snippet:-1","max-image-preview":"max-image-preview:large","max-video-preview":"max-video-preview:-1"},"canonical":"https:\/\/www.gtek.ca\/en\/projects\/","og_locale":"en_US","og_type":"article","og_title":"Projects - G-Tek","og_description":"PROJECTS G-TEK Two decades of excellence at the service of the population. Underground Infrastructures Projet Hydro-Qu\u00e9bec : Poste des Patriotes 25kv, Boul. Corbusier, Laval Projet Hydro-Qu\u00e9bec : Boul. Hochelaga, Qu\u00e9bec (Ste-Foy) Projet Hydro-Qu\u00e9bec : Poste Anne H\u00e9bert, Qu\u00e9bec (Saint-Augustin-de-Desmaures) Projet STM : Lot Jean-Talon &#8211; SRB \u2013PIE-IX, Mtl Projet CSEM : G\u00e9n\u00e9ral &#8211; Travaux Interm\u00e9diaires [&hellip;]","og_url":"https:\/\/www.gtek.ca\/en\/projects\/","og_site_name":"G-Tek","article_modified_time":"2022-09-16T20:05:42+00:00","og_image":[{"url":"https:\/\/gtek2021.wpengine.com\/wp-content\/uploads\/2022\/09\/Photo-civil-realisation.webp","type":"","width":"","height":""}],"twitter_card":"summary_large_image","twitter_misc":{"Est. reading time":"2 minutes"},"schema":{"@context":"https:\/\/schema.org","@graph":[{"@type":"WebPage","@id":"https:\/\/www.gtek.ca\/en\/projects\/","url":"https:\/\/www.gtek.ca\/en\/projects\/","name":"Projects - G-Tek","isPartOf":{"@id":"https:\/\/www.gtek.ca\/en\/#website"},"primaryImageOfPage":{"@id":"https:\/\/www.gtek.ca\/en\/projects\/#primaryimage"},"image":{"@id":"https:\/\/www.gtek.ca\/en\/projects\/#primaryimage"},"thumbnailUrl":"https:\/\/www.gtek.ca\/wp-content\/uploads\/2022\/09\/Photo-civil-realisation.webp","datePublished":"2022-09-15T15:50:46+00:00","dateModified":"2022-09-16T20:05:42+00:00","breadcrumb":{"@id":"https:\/\/www.gtek.ca\/en\/projects\/#breadcrumb"},"inLanguage":"en-US","potentialAction":[{"@type":"ReadAction","target":["https:\/\/www.gtek.ca\/en\/projects\/"]}]},{"@type":"ImageObject","inLanguage":"en-US","@id":"https:\/\/www.gtek.ca\/en\/projects\/#primaryimage","url":"https:\/\/www.gtek.ca\/wp-content\/uploads\/2022\/09\/Photo-civil-realisation.webp","contentUrl":"https:\/\/www.gtek.ca\/wp-content\/uploads\/2022\/09\/Photo-civil-realisation.webp"},{"@type":"BreadcrumbList","@id":"https:\/\/www.gtek.ca\/en\/projects\/#breadcrumb","itemListElement":[{"@type":"ListItem","position":1,"name":"Home","item":"https:\/\/gtek2021.wpengine.com\/"},{"@type":"ListItem","position":2,"name":"Projects"}]},{"@type":"WebSite","@id":"https:\/\/www.gtek.ca\/en\/#website","url":"https:\/\/www.gtek.ca\/en\/","name":"G-Tek","description":" ","publisher":{"@id":"https:\/\/www.gtek.ca\/en\/#organization"},"potentialAction":[{"@type":"SearchAction","target":{"@type":"EntryPoint","urlTemplate":"https:\/\/www.gtek.ca\/en\/?s={search_term_string}"},"query-input":{"@type":"PropertyValueSpecification","valueRequired":true,"valueName":"search_term_string"}}],"inLanguage":"en-US"},{"@type":"Organization","@id":"https:\/\/www.gtek.ca\/en\/#organization","name":"G-Tek","url":"https:\/\/www.gtek.ca\/en\/","logo":{"@type":"ImageObject","inLanguage":"en-US","@id":"https:\/\/www.gtek.ca\/en\/#\/schema\/logo\/image\/","url":"https:\/\/www.gtek.ca\/wp-content\/uploads\/2022\/09\/logo-gtek-quanta.png","contentUrl":"https:\/\/www.gtek.ca\/wp-content\/uploads\/2022\/09\/logo-gtek-quanta.png","width":190,"height":111,"caption":"G-Tek"},"image":{"@id":"https:\/\/www.gtek.ca\/en\/#\/schema\/logo\/image\/"}}]}},"_links":{"self":[{"href":"https:\/\/www.gtek.ca\/en\/wp-json\/wp\/v2\/pages\/176","targetHints":{"allow":["GET"]}}],"collection":[{"href":"https:\/\/www.gtek.ca\/en\/wp-json\/wp\/v2\/pages"}],"about":[{"href":"https:\/\/www.gtek.ca\/en\/wp-json\/wp\/v2\/types\/page"}],"author":[{"embeddable":true,"href":"https:\/\/www.gtek.ca\/en\/wp-json\/wp\/v2\/users\/1"}],"replies":[{"embeddable":true,"href":"https:\/\/www.gtek.ca\/en\/wp-json\/wp\/v2\/comments?post=176"}],"version-history":[{"count":0,"href":"https:\/\/www.gtek.ca\/en\/wp-json\/wp\/v2\/pages\/176\/revisions"}],"wp:attachment":[{"href":"https:\/\/www.gtek.ca\/en\/wp-json\/wp\/v2\/media?parent=176"}],"curies":[{"name":"wp","href":"https:\/\/api.w.org\/{rel}","templated":true}]}}